{"id":3605,"date":"2021-09-08T15:06:58","date_gmt":"2021-09-08T13:06:58","guid":{"rendered":"https:\/\/www.cosfibelgroup.com\/nos-materiaux\/"},"modified":"2022-09-29T15:26:29","modified_gmt":"2022-09-29T13:26:29","slug":"packaging-multimateriaux","status":"publish","type":"page","link":"https:\/\/www.cosfibelgroup.com\/fr\/expertise\/packaging-multimateriaux\/","title":{"rendered":"Nos mat\u00e9riaux"},"content":{"rendered":"\n<style type=\"text\/css\" data-created_by=\"avia_inline_auto\" id=\"style-css-av-ktbibgrz-de46278484eb69a57d464ff3eda8ec57\">\n.avia-section.av-ktbibgrz-de46278484eb69a57d464ff3eda8ec57{\nbackground-repeat:no-repeat;\nbackground-image:url(https:\/\/www.cosfibelgroup.com\/wp-content\/uploads\/2021\/09\/cosfibel-group-material-bg.jpg);\nbackground-position:50% 50%;\nbackground-attachment:scroll;\n}\n.avia-section.av-ktbibgrz-de46278484eb69a57d464ff3eda8ec57 .av-section-color-overlay{\nopacity:0.3;\nbackground-color:#000000;\n}\n<\/style>\n<div id='av_section_1'  class='avia-section av-ktbibgrz-de46278484eb69a57d464ff3eda8ec57 alternate_color avia-section-default avia-no-border-styling  avia-builder-el-0  el_before_av_section  avia-builder-el-first  section-titre avia-full-stretch avia-bg-style-scroll av-section-color-overlay-active av-minimum-height av-minimum-height-66 av-height-percent  container_wrap fullsize'  data-section-bg-repeat='stretch' data-av_minimum_height_pc='66' data-av_min_height_opt='percent'><div class=\"av-section-color-overlay-wrap\"><div class=\"av-section-color-overlay\"><\/div><div class='container av-section-cont-open' ><main  role=\"main\" itemprop=\"mainContentOfPage\"  class='template-page content  av-content-full alpha units'><div class='post-entry post-entry-type-page post-entry-3605'><div class='entry-content-wrapper clearfix'>\n\n<style type=\"text\/css\" data-created_by=\"avia_inline_auto\" id=\"style-css-av-g33rqp-89c3ee47bda2dfc1f1480f7bd8b44a8a\">\n.flex_column.av-g33rqp-89c3ee47bda2dfc1f1480f7bd8b44a8a{\nborder-radius:0px 0px 0px 0px;\npadding:0px 0px 0px 0px;\n}\n<\/style>\n<div  class='flex_column av-g33rqp-89c3ee47bda2dfc1f1480f7bd8b44a8a av_one_full  avia-builder-el-1  avia-builder-el-no-sibling  first flex_column_div av-zero-column-padding  '     ><style type=\"text\/css\" data-created_by=\"avia_inline_auto\" id=\"style-css-av-ktbi7ad7-d59fdf83abd4e2e488f10df85ccd8693\">\n#top .av-special-heading.av-ktbi7ad7-d59fdf83abd4e2e488f10df85ccd8693{\npadding-bottom:10px;\n}\nbody .av-special-heading.av-ktbi7ad7-d59fdf83abd4e2e488f10df85ccd8693 .av-special-heading-tag .heading-char{\nfont-size:25px;\n}\n.av-special-heading.av-ktbi7ad7-d59fdf83abd4e2e488f10df85ccd8693 .av-subheading{\nfont-size:15px;\n}\n<\/style>\n<div  class='av-special-heading av-ktbi7ad7-d59fdf83abd4e2e488f10df85ccd8693 av-special-heading-h1 blockquote modern-quote modern-centered  avia-builder-el-2  avia-builder-el-no-sibling '><h1 class='av-special-heading-tag '  itemprop=\"headline\"  >Notre expertise en packaging multimat\u00e9riaux<\/h1><div class=\"special-heading-border\"><div class=\"special-heading-inner-border\"><\/div><\/div><\/div><\/div><\/div><\/div><\/main><!-- close content main element --><\/div><\/div><\/div><div id='new-territories'  class='avia-section av-ecem0x-2129dd294b1e9ec15546dcc0daec6d47 main_color avia-section-no-padding avia-no-border-styling  avia-builder-el-3  el_after_av_section  el_before_av_section  light swap-section avia-bg-style-scroll container_wrap fullsize'  ><div class='container av-section-cont-open' ><div class='template-page content  av-content-full alpha units'><div class='post-entry post-entry-type-page post-entry-3605'><div class='entry-content-wrapper clearfix'>\n<div class='flex_column_table av-ktbifo43-d7ad17cf578c00a019548645dd4b013d sc-av_one_full av-equal-height-column-flextable'>\n<style type=\"text\/css\" data-created_by=\"avia_inline_auto\" id=\"style-css-av-ktbifo43-d7ad17cf578c00a019548645dd4b013d\">\n#top .flex_column_table.av-equal-height-column-flextable.av-ktbifo43-d7ad17cf578c00a019548645dd4b013d{\nmargin-top:0px;\nmargin-bottom:0px;\n}\n.flex_column.av-ktbifo43-d7ad17cf578c00a019548645dd4b013d{\nborder-radius:0px 0px 0px 0px;\npadding:0px 0px 0px 0px;\n}\n<\/style>\n<div  class='flex_column av-ktbifo43-d7ad17cf578c00a019548645dd4b013d av_one_full  avia-builder-el-4  el_before_av_one_half  avia-builder-el-first  first no_margin flex_column_table_cell av-equal-height-column av-align-top av-zero-column-padding  '     ><\/div><\/div><!--close column table wrapper. Autoclose: 1 --><div class='flex_column_table av-ktbi9a07-b19c195dbacdce5f6322d2eb4baace45 sc-av_one_half av-equal-height-column-flextable'>\n<style type=\"text\/css\" data-created_by=\"avia_inline_auto\" id=\"style-css-av-ktbi9a07-b19c195dbacdce5f6322d2eb4baace45\">\n.flex_column.av-ktbi9a07-b19c195dbacdce5f6322d2eb4baace45{\nborder-radius:0px 0px 0px 0px;\npadding:0px 0px 0px 0px;\nbackground:url(https:\/\/www.cosfibelgroup.com\/wp-content\/uploads\/2021\/01\/home-bloc_2-boxes-781x1030.jpg) 50% 50% no-repeat scroll ;\n}\n<\/style>\n<div  id=\"packaging-materials\"  class='flex_column av-ktbi9a07-b19c195dbacdce5f6322d2eb4baace45 av_one_half  avia-builder-el-5  el_after_av_one_full  el_before_av_one_half  first no_margin flex_column_table_cell av-equal-height-column av-align-middle av-zero-column-padding avia-full-stretch  column-top-margin'     ><style type=\"text\/css\" data-created_by=\"avia_inline_auto\" id=\"style-css-av-czix9d-98290fc964f803ca250822c2978a6774\">\n#top .hr.hr-invisible.av-czix9d-98290fc964f803ca250822c2978a6774{\nheight:350px;\n}\n<\/style>\n<div  class='hr av-czix9d-98290fc964f803ca250822c2978a6774 hr-invisible  avia-builder-el-6  avia-builder-el-no-sibling '><span class='hr-inner '><span class=\"hr-inner-style\"><\/span><\/span><\/div><\/div>\n<style type=\"text\/css\" data-created_by=\"avia_inline_auto\" id=\"style-css-av-b9cu9t-a2a8a7bb03927b5f03e091b10eeb14ec\">\n.flex_column.av-b9cu9t-a2a8a7bb03927b5f03e091b10eeb14ec{\nborder-radius:0px 0px 0px 0px;\npadding:0px 0px 0px 0px;\n}\n<\/style>\n<div  class='flex_column av-b9cu9t-a2a8a7bb03927b5f03e091b10eeb14ec av_one_half  avia-builder-el-7  el_after_av_one_half  el_before_av_one_half  encart no_margin flex_column_table_cell av-equal-height-column av-align-middle av-zero-column-padding  column-top-margin'     ><section  class='av_textblock_section av-ktbi86o3-9ce83f8ed38af52bcd1d7c30aba8e397 '   itemscope=\"itemscope\" itemtype=\"https:\/\/schema.org\/CreativeWork\" ><div class='avia_textblock'  itemprop=\"text\" ><h3>Mat\u00e9riaux pour le packaging<\/h3>\n<p>Multi-sp\u00e9cialiste du packaging, notre savoir-faire porte sur un nombre quasi infini de mati\u00e8res et en particulier sur leurs associations et compl\u00e9mentarit\u00e9s qui donnent vie aux cr\u00e9ations les plus originales. Nos \u00e9quipes cr\u00e9atives et nos d\u00e9veloppeurs produits ma\u00eetrisent particuli\u00e8rement le travail du papier, du carton, du RPET, du bois et du m\u00e9tal.<\/p>\n<p>Nous sommes convaincus que les mati\u00e8res \u00e9co-responsables et les coffrets mono-mat\u00e9riau deviendront \u00e9galement les stars de demain. En d\u00e9clinant chaque mati\u00e8re sous diff\u00e9rents aspects et en jouant avec ses diverses propri\u00e9t\u00e9s, le pack mono-mat\u00e9riau permet une grande cr\u00e9ativit\u00e9 et combine parfaitement exigences environnementales et codes du luxe.<br \/>\nLe papier en est un bon exemple : ses finitions multiples permettent de cr\u00e9er l\u2019illusion et de remplacer le PET, tandis que les jeux de gaufrage et impressions le sublimeront.<\/p>\n<p>Convaincus que le packaging le plus respectueux de l\u2019environnement est celui qui combine forte valeur per\u00e7ue et r\u00e9utilisabilit\u00e9, nous avons d\u00e9velopp\u00e9 une expertise forte dans le travail de l\u2019aluminium, du fer blanc et du bois, trois mati\u00e8res qui r\u00e9pondent parfaitement \u00e0 ces enjeux.<\/p>\n<\/div><\/section><\/div><\/div><!--close column table wrapper. Autoclose: 1 --><div class='flex_column_table av-ktbi9m8d-6f95319a359c931b142cadcaf1284d5f sc-av_one_half av-equal-height-column-flextable'>\n<style type=\"text\/css\" data-created_by=\"avia_inline_auto\" id=\"style-css-av-ktbi9m8d-6f95319a359c931b142cadcaf1284d5f\">\n.flex_column.av-ktbi9m8d-6f95319a359c931b142cadcaf1284d5f{\nborder-radius:0px 0px 0px 0px;\npadding:0px 0px 0px 0px;\nbackground:url(https:\/\/www.cosfibelgroup.com\/wp-content\/uploads\/2021\/01\/home-bloc_2-bags-867x1030.jpg) 0% 50% no-repeat scroll ;\n}\n<\/style>\n<div  id=\"textiles-materials\"  class='flex_column av-ktbi9m8d-6f95319a359c931b142cadcaf1284d5f av_one_half  avia-builder-el-9  el_after_av_one_half  el_before_av_one_half  first no_margin flex_column_table_cell av-equal-height-column av-align-middle av-zero-column-padding avia-full-stretch  column-top-margin'     ><style type=\"text\/css\" data-created_by=\"avia_inline_auto\" id=\"style-css-av-7e3zb5-5b0e7a9914bb6b1279eb02a6236cca46\">\n#top .hr.hr-invisible.av-7e3zb5-5b0e7a9914bb6b1279eb02a6236cca46{\nheight:350px;\n}\n<\/style>\n<div  class='hr av-7e3zb5-5b0e7a9914bb6b1279eb02a6236cca46 hr-invisible  avia-builder-el-10  avia-builder-el-no-sibling '><span class='hr-inner '><span class=\"hr-inner-style\"><\/span><\/span><\/div><\/div>\n<style type=\"text\/css\" data-created_by=\"avia_inline_auto\" id=\"style-css-av-5gv9nl-38836df6354782037f1dd3cec19851c7\">\n.flex_column.av-5gv9nl-38836df6354782037f1dd3cec19851c7{\nborder-radius:0px 0px 0px 0px;\npadding:0px 0px 0px 0px;\n}\n<\/style>\n<div  class='flex_column av-5gv9nl-38836df6354782037f1dd3cec19851c7 av_one_half  avia-builder-el-11  el_after_av_one_half  el_before_av_one_half  encart no_margin flex_column_table_cell av-equal-height-column av-align-middle av-zero-column-padding  column-top-margin'     ><section  class='av_textblock_section av-ktbiath5-245945436847c10d1805ffce34f1dc1a '   itemscope=\"itemscope\" itemtype=\"https:\/\/schema.org\/CreativeWork\" ><div class='avia_textblock'  itemprop=\"text\" ><h3>Textiles et mati\u00e8res pour les articles de voyage<\/h3>\n<p>C\u2019est souvent l\u2019alliance r\u00e9ussie de la forme, de la mati\u00e8re et des finitions qui fait le succ\u00e8s du design d\u2019un pochon, d\u2019une trousse ou d\u2019un <a href=\"https:\/\/www.cosfibelgroup.com\/fr\/expertise\/produits\/bagagerie\/\">sac<\/a>. Par ailleurs, les textiles, faux cuirs, washable papers et autres mat\u00e9riaux souples sont enti\u00e8rement customisables et peuvent \u00eatre enjoliv\u00e9s de laminations, de broderies, de tissages ou d\u2019impressions.<\/p>\n<p>Les mati\u00e8res synth\u00e9tiques, naturelles et \u00e9co-responsables offrent quant \u00e0 elles une multitude d\u2019applications, qu\u2019elles soient seules ou mix\u00e9es, recycl\u00e9es ou vierges. Pour cr\u00e9er un effet de surprise, nous savons d\u00e9tourner un mat\u00e9riau pour lui donner une utilisation inattendue, en m\u00e9langeant par exemple bois et cuir pour un sac, en cr\u00e9ant de d\u00e9licats pochons en papier ou en d\u00e9veloppant des boutons \u00e0 base de cas\u00e9ine.<\/p>\n<p>Pour continuer \u00e0 innover et proposer des cr\u00e9ations toujours plus singuli\u00e8res, nous investissons en R&amp;D en amont de nos collections et d\u00e9veloppons ainsi de nouvelles techniques souvent pionni\u00e8res dans notre industrie, \u00e0 l\u2019instar de nouvelles compositions d\u2019enduction, de l\u2019application de grains sur des mati\u00e8res originellement lisses ou encore de l\u2019utilisation de fils europ\u00e9ens brevet\u00e9s en tricotage ou tissage.<\/p>\n<\/div><\/section><\/div><\/div><!--close column table wrapper. Autoclose: 1 --><div class='flex_column_table av-ktbiaa62-275f70a5230b7dcd0142927706065feb sc-av_one_half av-equal-height-column-flextable'>\n<style type=\"text\/css\" data-created_by=\"avia_inline_auto\" id=\"style-css-av-ktbiaa62-275f70a5230b7dcd0142927706065feb\">\n.flex_column.av-ktbiaa62-275f70a5230b7dcd0142927706065feb{\nborder-radius:0px 0px 0px 0px;\npadding:0px 0px 0px 0px;\nbackground:url(https:\/\/www.cosfibelgroup.com\/wp-content\/uploads\/2021\/09\/cosfibel-premium-eco-accessories-798x1030.jpg) 50% 50% no-repeat scroll #d3d3d3;\n}\n<\/style>\n<div  id=\"eco-design-materials\"  class='flex_column av-ktbiaa62-275f70a5230b7dcd0142927706065feb av_one_half  avia-builder-el-13  el_after_av_one_half  el_before_av_one_half  first no_margin flex_column_table_cell av-equal-height-column av-align-middle av-zero-column-padding avia-full-stretch  column-top-margin'     ><style type=\"text\/css\" data-created_by=\"avia_inline_auto\" id=\"style-css-av-455l8h-4463b71086084ec7224d3179f28174df\">\n#top .hr.hr-invisible.av-455l8h-4463b71086084ec7224d3179f28174df{\nheight:350px;\n}\n<\/style>\n<div  class='hr av-455l8h-4463b71086084ec7224d3179f28174df hr-invisible  avia-builder-el-14  avia-builder-el-no-sibling '><span class='hr-inner '><span class=\"hr-inner-style\"><\/span><\/span><\/div><\/div>\n<style type=\"text\/css\" data-created_by=\"avia_inline_auto\" id=\"style-css-av-32ck0x-4fc3b72dc400b7edac4024cef67fce98\">\n.flex_column.av-32ck0x-4fc3b72dc400b7edac4024cef67fce98{\nborder-radius:0px 0px 0px 0px;\npadding:0px 0px 0px 0px;\n}\n<\/style>\n<div  class='flex_column av-32ck0x-4fc3b72dc400b7edac4024cef67fce98 av_one_half  avia-builder-el-15  el_after_av_one_half  el_before_av_hr  encart no_margin flex_column_table_cell av-equal-height-column av-align-middle av-zero-column-padding  column-top-margin'     ><section  class='av_textblock_section av-ktbib7ta-65c65c1d37ac00bc51f8e341bd5c9890 '   itemscope=\"itemscope\" itemtype=\"https:\/\/schema.org\/CreativeWork\" ><div class='avia_textblock'  itemprop=\"text\" ><h3>Mat\u00e9riaux \u00e9co-con\u00e7us<\/h3>\n<p>Notre dispositif de <a href=\"https:\/\/www.cosfibelgroup.com\/fr\/expertise\/nos-poles-dexpertise\/sourcing\/\">sourcing<\/a> historique nous permet de d\u00e9tecter et int\u00e9grer toutes les mati\u00e8res innovantes pour leur donner une dimension fonctionnelle et r\u00e9inventer les standards de notre industrie. Nous proposons ainsi une vaste gamme d\u2019\u00e9co-mati\u00e8res et des collections de produits issus de ces mat\u00e9riaux tant pour le packaging que pour les cadeaux, les sacs et les accessoires promotionnels.<\/p>\n<p>Nous d\u00e9veloppons de nouvelles \u00e9co-mati\u00e8res recycl\u00e9es et recyclables, durables et sophistiqu\u00e9es. Nous sommes \u00e9galement actifs dans la recherche d\u2019alternatives au PET et au d\u00e9veloppement de notre sourcing de proche-import. Nos \u00e9quipes s\u2019investissent pour une utilisation ultra-raisonn\u00e9e de la mati\u00e8re, autant en volume qu\u2019en nombre de composants.<\/p>\n<p>La tra\u00e7abilit\u00e9 des mati\u00e8res premi\u00e8res \u00e9tant devenue un enjeu majeur pour nos clients et leurs consommateurs, nous avons mis en place des circuits et processus d\u2019approvisionnement labellis\u00e9s et certifi\u00e9s, tels que FSC<sup>\u00ae<\/sup>* pour les d\u00e9riv\u00e9s du bois, GRS<sup>\u00ae<\/sup> pour les mati\u00e8res recycl\u00e9es et Max Havelaar pour le Fairtrade. Nous aidons \u00e9galement nos clients \u00e0 mieux comprendre l\u2019impact de leurs choix en \u00e9tudiant le cycle de vie de nos cr\u00e9ations et des mati\u00e8res dans lesquelles elles se d\u00e9clinent.<\/p>\n<\/div><\/section><\/div><\/div><!--close column table wrapper. Autoclose: 1 -->\n<style type=\"text\/css\" data-created_by=\"avia_inline_auto\" id=\"style-css-av-ktbike7t-b2d0c8e49be127e548d89314e81edef1\">\n#top .hr.hr-invisible.av-ktbike7t-b2d0c8e49be127e548d89314e81edef1{\nheight:100px;\n}\n<\/style>\n<div  class='hr av-ktbike7t-b2d0c8e49be127e548d89314e81edef1 hr-invisible  avia-builder-el-17  el_after_av_one_half  avia-builder-el-last '><span class='hr-inner '><span class=\"hr-inner-style\"><\/span><\/span><\/div>\n<\/div><\/div><\/div><!-- close content main div --><\/div><\/div>\n<style type=\"text\/css\" data-created_by=\"avia_inline_auto\" id=\"style-css-av-3ykja9-204d7fa7d5b0c17ffe6d540fd7b1c099\">\n.avia-section.av-3ykja9-204d7fa7d5b0c17ffe6d540fd7b1c099{\nbackground-color:#ffffff;\nbackground-image:unset;\n}\n<\/style>\n<div id='av_section_3'  class='avia-section av-3ykja9-204d7fa7d5b0c17ffe6d540fd7b1c099 main_color avia-section-default avia-no-border-styling  avia-builder-el-18  el_after_av_section  avia-builder-el-last  avia-bg-style-scroll container_wrap fullsize'  ><div class='container av-section-cont-open' ><div class='template-page content  av-content-full alpha units'><div class='post-entry post-entry-type-page post-entry-3605'><div class='entry-content-wrapper clearfix'>\n<section  class='av_textblock_section av-2c5p4h-9ba41aa8eeb1fa585e26a3f2827e7ae8 '   itemscope=\"itemscope\" itemtype=\"https:\/\/schema.org\/CreativeWork\" ><div class='avia_textblock'  itemprop=\"text\" ><p><small>* Cosfibel Premium: FSC-C100313; Shopluxe: FSC-C169077; GRUMBE-Grupo Manipulador De Bolsas y Envases, S.L.: FSC-C120565<\/small><\/p>\n<\/div><\/section>\n<\/p>\n","protected":false},"excerpt":{"rendered":"","protected":false},"author":1,"featured_media":0,"parent":3041,"menu_order":0,"comment_status":"closed","ping_status":"closed","template":"","meta":{"footnotes":""},"class_list":["post-3605","page","type-page","status-publish","hentry"],"yoast_head":"<!-- This site is optimized with the Yoast SEO plugin v27.2 - https:\/\/yoast.com\/product\/yoast-seo-wordpress\/ -->\n<title>Expert en packaging multimat\u00e9riaux<\/title>\n<meta name=\"description\" content=\"Sp\u00e9cialiste du packaging multimat\u00e9riaux, notre savoir-faire porte sur un nombre quasi infini de mati\u00e8res pour donner vie aux cr\u00e9ations les plus originales.\" \/>\n<meta name=\"robots\" content=\"index, follow, max-snippet:-1, max-image-preview:large, max-video-preview:-1\" \/>\n<link rel=\"canonical\" href=\"https:\/\/www.cosfibelgroup.com\/fr\/expertise\/packaging-multimateriaux\/\" \/>\n<meta property=\"og:locale\" content=\"fr_FR\" \/>\n<meta property=\"og:type\" content=\"article\" \/>\n<meta property=\"og:title\" content=\"Expert en packaging multimat\u00e9riaux\" \/>\n<meta property=\"og:description\" content=\"Sp\u00e9cialiste du packaging multimat\u00e9riaux, notre savoir-faire porte sur un nombre quasi infini de mati\u00e8res pour donner vie aux cr\u00e9ations les plus originales.\" \/>\n<meta property=\"og:url\" content=\"https:\/\/www.cosfibelgroup.com\/fr\/expertise\/packaging-multimateriaux\/\" \/>\n<meta property=\"og:site_name\" content=\"Cosfibel Group\" \/>\n<meta property=\"article:modified_time\" content=\"2022-09-29T13:26:29+00:00\" \/>\n<meta name=\"twitter:card\" content=\"summary_large_image\" \/>\n<meta name=\"twitter:label1\" content=\"Dur\u00e9e de lecture estim\u00e9e\" \/>\n\t<meta name=\"twitter:data1\" content=\"14 minutes\" \/>\n<script type=\"application\/ld+json\" class=\"yoast-schema-graph\">{\"@context\":\"https:\/\/schema.org\",\"@graph\":[{\"@type\":\"WebPage\",\"@id\":\"https:\/\/www.cosfibelgroup.com\/fr\/expertise\/packaging-multimateriaux\/\",\"url\":\"https:\/\/www.cosfibelgroup.com\/fr\/expertise\/packaging-multimateriaux\/\",\"name\":\"Expert en packaging multimat\u00e9riaux\",\"isPartOf\":{\"@id\":\"https:\/\/www.cosfibelgroup.com\/fr\/#website\"},\"datePublished\":\"2021-09-08T13:06:58+00:00\",\"dateModified\":\"2022-09-29T13:26:29+00:00\",\"description\":\"Sp\u00e9cialiste du packaging multimat\u00e9riaux, notre savoir-faire porte sur un nombre quasi infini de mati\u00e8res pour donner vie aux cr\u00e9ations les plus originales.\",\"breadcrumb\":{\"@id\":\"https:\/\/www.cosfibelgroup.com\/fr\/expertise\/packaging-multimateriaux\/#breadcrumb\"},\"inLanguage\":\"fr-FR\",\"potentialAction\":[{\"@type\":\"ReadAction\",\"target\":[\"https:\/\/www.cosfibelgroup.com\/fr\/expertise\/packaging-multimateriaux\/\"]}]},{\"@type\":\"BreadcrumbList\",\"@id\":\"https:\/\/www.cosfibelgroup.com\/fr\/expertise\/packaging-multimateriaux\/#breadcrumb\",\"itemListElement\":[{\"@type\":\"ListItem\",\"position\":1,\"name\":\"Home\",\"item\":\"https:\/\/www.cosfibelgroup.com\/fr\/accueil-packaging-luxe\/\"},{\"@type\":\"ListItem\",\"position\":2,\"name\":\"Notre Expertise\",\"item\":\"https:\/\/www.cosfibelgroup.com\/fr\/expertise\/\"},{\"@type\":\"ListItem\",\"position\":3,\"name\":\"Nos mat\u00e9riaux\"}]},{\"@type\":\"WebSite\",\"@id\":\"https:\/\/www.cosfibelgroup.com\/fr\/#website\",\"url\":\"https:\/\/www.cosfibelgroup.com\/fr\/\",\"name\":\"Cosfibel Group\",\"description\":\"Passionately creative\",\"potentialAction\":[{\"@type\":\"SearchAction\",\"target\":{\"@type\":\"EntryPoint\",\"urlTemplate\":\"https:\/\/www.cosfibelgroup.com\/fr\/?s={search_term_string}\"},\"query-input\":{\"@type\":\"PropertyValueSpecification\",\"valueRequired\":true,\"valueName\":\"search_term_string\"}}],\"inLanguage\":\"fr-FR\"}]}<\/script>\n<!-- \/ Yoast SEO plugin. -->","yoast_head_json":{"title":"Expert en packaging multimat\u00e9riaux","description":"Sp\u00e9cialiste du packaging multimat\u00e9riaux, notre savoir-faire porte sur un nombre quasi infini de mati\u00e8res pour donner vie aux cr\u00e9ations les plus originales.","robots":{"index":"index","follow":"follow","max-snippet":"max-snippet:-1","max-image-preview":"max-image-preview:large","max-video-preview":"max-video-preview:-1"},"canonical":"https:\/\/www.cosfibelgroup.com\/fr\/expertise\/packaging-multimateriaux\/","og_locale":"fr_FR","og_type":"article","og_title":"Expert en packaging multimat\u00e9riaux","og_description":"Sp\u00e9cialiste du packaging multimat\u00e9riaux, notre savoir-faire porte sur un nombre quasi infini de mati\u00e8res pour donner vie aux cr\u00e9ations les plus originales.","og_url":"https:\/\/www.cosfibelgroup.com\/fr\/expertise\/packaging-multimateriaux\/","og_site_name":"Cosfibel Group","article_modified_time":"2022-09-29T13:26:29+00:00","twitter_card":"summary_large_image","twitter_misc":{"Dur\u00e9e de lecture estim\u00e9e":"14 minutes"},"schema":{"@context":"https:\/\/schema.org","@graph":[{"@type":"WebPage","@id":"https:\/\/www.cosfibelgroup.com\/fr\/expertise\/packaging-multimateriaux\/","url":"https:\/\/www.cosfibelgroup.com\/fr\/expertise\/packaging-multimateriaux\/","name":"Expert en packaging multimat\u00e9riaux","isPartOf":{"@id":"https:\/\/www.cosfibelgroup.com\/fr\/#website"},"datePublished":"2021-09-08T13:06:58+00:00","dateModified":"2022-09-29T13:26:29+00:00","description":"Sp\u00e9cialiste du packaging multimat\u00e9riaux, notre savoir-faire porte sur un nombre quasi infini de mati\u00e8res pour donner vie aux cr\u00e9ations les plus originales.","breadcrumb":{"@id":"https:\/\/www.cosfibelgroup.com\/fr\/expertise\/packaging-multimateriaux\/#breadcrumb"},"inLanguage":"fr-FR","potentialAction":[{"@type":"ReadAction","target":["https:\/\/www.cosfibelgroup.com\/fr\/expertise\/packaging-multimateriaux\/"]}]},{"@type":"BreadcrumbList","@id":"https:\/\/www.cosfibelgroup.com\/fr\/expertise\/packaging-multimateriaux\/#breadcrumb","itemListElement":[{"@type":"ListItem","position":1,"name":"Home","item":"https:\/\/www.cosfibelgroup.com\/fr\/accueil-packaging-luxe\/"},{"@type":"ListItem","position":2,"name":"Notre Expertise","item":"https:\/\/www.cosfibelgroup.com\/fr\/expertise\/"},{"@type":"ListItem","position":3,"name":"Nos mat\u00e9riaux"}]},{"@type":"WebSite","@id":"https:\/\/www.cosfibelgroup.com\/fr\/#website","url":"https:\/\/www.cosfibelgroup.com\/fr\/","name":"Cosfibel Group","description":"Passionately creative","potentialAction":[{"@type":"SearchAction","target":{"@type":"EntryPoint","urlTemplate":"https:\/\/www.cosfibelgroup.com\/fr\/?s={search_term_string}"},"query-input":{"@type":"PropertyValueSpecification","valueRequired":true,"valueName":"search_term_string"}}],"inLanguage":"fr-FR"}]}},"_links":{"self":[{"href":"https:\/\/www.cosfibelgroup.com\/fr\/wp-json\/wp\/v2\/pages\/3605","targetHints":{"allow":["GET"]}}],"collection":[{"href":"https:\/\/www.cosfibelgroup.com\/fr\/wp-json\/wp\/v2\/pages"}],"about":[{"href":"https:\/\/www.cosfibelgroup.com\/fr\/wp-json\/wp\/v2\/types\/page"}],"author":[{"embeddable":true,"href":"https:\/\/www.cosfibelgroup.com\/fr\/wp-json\/wp\/v2\/users\/1"}],"replies":[{"embeddable":true,"href":"https:\/\/www.cosfibelgroup.com\/fr\/wp-json\/wp\/v2\/comments?post=3605"}],"version-history":[{"count":0,"href":"https:\/\/www.cosfibelgroup.com\/fr\/wp-json\/wp\/v2\/pages\/3605\/revisions"}],"up":[{"embeddable":true,"href":"https:\/\/www.cosfibelgroup.com\/fr\/wp-json\/wp\/v2\/pages\/3041"}],"wp:attachment":[{"href":"https:\/\/www.cosfibelgroup.com\/fr\/wp-json\/wp\/v2\/media?parent=3605"}],"curies":[{"name":"wp","href":"https:\/\/api.w.org\/{rel}","templated":true}]}}